{"id":8,"date":"2021-06-07T12:53:46","date_gmt":"2021-06-07T12:53:46","guid":{"rendered":"http:\/\/evoila5.flywheelsites.com\/?page_id=8"},"modified":"2022-03-25T08:44:24","modified_gmt":"2022-03-25T12:44:24","slug":"accueil","status":"publish","type":"page","link":"https:\/\/evoila5.com\/en\/","title":{"rendered":"Home"},"content":{"rendered":"","protected":false},"excerpt":{"rendered":"","protected":false},"author":1,"featured_media":235,"parent":0,"menu_order":0,"comment_status":"closed","ping_status":"closed","template":"page-templates\/flexible-content.php","meta":{"_acf_changed":false,"_seopress_robots_primary_cat":"","_seopress_titles_title":"Home - \u00e9voil\u00e05","_seopress_titles_desc":"Thanks to the efficient \u00e9voil\u00e05 ready-to-cook meal service, more busy couples and families are enjoying healthy well-balanced meals, made from fresh local ingredients.","_seopress_robots_index":"","inline_featured_image":false,"footnotes":""},"class_list":["post-8","page","type-page","status-publish","has-post-thumbnail","hentry"],"acf":[],"_links":{"self":[{"href":"https:\/\/evoila5.com\/en\/wp-json\/wp\/v2\/pages\/8","targetHints":{"allow":["GET"]}}],"collection":[{"href":"https:\/\/evoila5.com\/en\/wp-json\/wp\/v2\/pages"}],"about":[{"href":"https:\/\/evoila5.com\/en\/wp-json\/wp\/v2\/types\/page"}],"author":[{"embeddable":true,"href":"https:\/\/evoila5.com\/en\/wp-json\/wp\/v2\/users\/1"}],"replies":[{"embeddable":true,"href":"https:\/\/evoila5.com\/en\/wp-json\/wp\/v2\/comments?post=8"}],"version-history":[{"count":15,"href":"https:\/\/evoila5.com\/en\/wp-json\/wp\/v2\/pages\/8\/revisions"}],"predecessor-version":[{"id":943,"href":"https:\/\/evoila5.com\/en\/wp-json\/wp\/v2\/pages\/8\/revisions\/943"}],"wp:featuredmedia":[{"embeddable":true,"href":"https:\/\/evoila5.com\/en\/wp-json\/wp\/v2\/media\/235"}],"wp:attachment":[{"href":"https:\/\/evoila5.com\/en\/wp-json\/wp\/v2\/media?parent=8"}],"curies":[{"name":"wp","href":"https:\/\/api.w.org\/{rel}","templated":true}]}}